{"id":1480,"date":"2024-05-20T18:09:14","date_gmt":"2024-05-20T16:09:14","guid":{"rendered":"https:\/\/yz-design.de\/?page_id=1480"},"modified":"2026-03-25T15:14:36","modified_gmt":"2026-03-25T14:14:36","slug":"sitemap","status":"publish","type":"page","link":"https:\/\/yz-design.de\/en\/sitemap\/","title":{"rendered":"Site map"},"content":{"rendered":"<div data-elementor-type=\"wp-page\" data-elementor-id=\"1480\" class=\"elementor elementor-1480\" data-elementor-post-type=\"page\">\n\t\t\t\t<div class=\"elementor-element elementor-element-cf9650f e-flex e-con-boxed e-con e-parent\" data-id=\"cf9650f\" data-element_type=\"container\" data-e-type=\"container\">\n\t\t\t\t\t<div class=\"e-con-inner\">\n\t\t\t\t<div class=\"elementor-element elementor-element-622fbe3 elementor-align-left elementor-widget elementor-widget-breadcrumbs\" data-id=\"622fbe3\" data-element_type=\"widget\" data-e-type=\"widget\" data-widget_type=\"breadcrumbs.default\">\n\t\t\t\t<div class=\"elementor-widget-container\">\n\t\t\t\t\t<nav><span class=\"last\">Home<\/span><\/nav>\t\t\t\t<\/div>\n\t\t\t\t<\/div>\n\t\t\t\t<div class=\"elementor-element elementor-element-643d717 elementor-widget elementor-widget-heading\" data-id=\"643d717\" data-element_type=\"widget\" data-e-type=\"widget\" data-widget_type=\"heading.default\">\n\t\t\t\t<div class=\"elementor-widget-container\">\n\t\t\t\t\t<h1 class=\"elementor-heading-title elementor-size-default\">Site map<\/h1>\t\t\t\t<\/div>\n\t\t\t\t<\/div>\n\t\t\t\t<div class=\"elementor-element elementor-element-43460fd elementor-widget elementor-widget-text-editor\" data-id=\"43460fd\" data-element_type=\"widget\" data-e-type=\"widget\" data-widget_type=\"text-editor.default\">\n\t\t\t\t<div class=\"elementor-widget-container\">\n\t\t\t\t\t\t\t\t\t<p><strong>Are you looking for specific content?<\/strong><\/p><p>The sitemap helps you quickly and easily find the information you need. Here, you can find an overview of all available pages and content on this website.<strong><br \/><\/strong><\/p>\t\t\t\t\t\t\t\t<\/div>\n\t\t\t\t<\/div>\n\t\t\t\t<div class=\"elementor-element elementor-element-adbf71b elementor-widget elementor-widget-sitemap\" data-id=\"adbf71b\" data-element_type=\"widget\" data-e-type=\"widget\" data-widget_type=\"sitemap.default\">\n\t\t\t\t<div class=\"elementor-widget-container\">\n\t\t\t\t\t<div class=\"elementor-sitemap-wrap\"><div class=\"elementor-sitemap-section\"><h2 class=\"elementor-sitemap-title elementor-sitemap-page-title\">Pages<\/h2><ul class=\"elementor-sitemap-list elementor-sitemap-page-list\"><li class=\"elementor-sitemap-item elementor-sitemap-item-page page_item page-item-673\"><a href=\"https:\/\/yz-design.de\/en\/\">Home<\/a><\/li><li class=\"elementor-sitemap-item elementor-sitemap-item-page page_item page-item-676\"><a href=\"https:\/\/yz-design.de\/en\/about-me\/\">About me<\/a><\/li><li class=\"elementor-sitemap-item elementor-sitemap-item-page page_item page-item-678\"><a href=\"https:\/\/yz-design.de\/en\/contact\/\">Contact<\/a><\/li><li class=\"elementor-sitemap-item elementor-sitemap-item-page page_item page-item-907\"><a href=\"https:\/\/yz-design.de\/en\/imprint\/\">Imprint<\/a><\/li><li class=\"elementor-sitemap-item elementor-sitemap-item-page page_item page-item-1197\"><a href=\"https:\/\/yz-design.de\/en\/privacy\/\">Privacy<\/a><\/li><li class=\"elementor-sitemap-item elementor-sitemap-item-page page_item page-item-1943\"><a href=\"https:\/\/yz-design.de\/en\/cookie-policy-eu\/\">Cookie Policy (EU)<\/a><\/li><\/ul><\/div><\/div>\t\t\t\t<\/div>\n\t\t\t\t<\/div>\n\t\t\t\t\t<\/div>\n\t\t\t\t<\/div>\n\t\t\t\t<\/div>","protected":false},"excerpt":{"rendered":"<p>Startseite Sitemap Sind Sie auf der Suche nach bestimmten Inhalten? Die Sitemap hilft Ihnen, schnell und einfach die gew\u00fcnschten Informationen zu finden. Hier erhalten Sie eine \u00dcbersicht \u00fcber alle verf\u00fcgbaren Seiten und Inhalte dieser Website.<\/p>","protected":false},"author":1,"featured_media":0,"parent":0,"menu_order":0,"comment_status":"closed","ping_status":"closed","template":"elementor_header_footer","meta":{"footnotes":""},"class_list":["post-1480","page","type-page","status-publish","hentry"],"blocksy_meta":[],"_links":{"self":[{"href":"https:\/\/yz-design.de\/en\/wp-json\/wp\/v2\/pages\/1480","targetHints":{"allow":["GET"]}}],"collection":[{"href":"https:\/\/yz-design.de\/en\/wp-json\/wp\/v2\/pages"}],"about":[{"href":"https:\/\/yz-design.de\/en\/wp-json\/wp\/v2\/types\/page"}],"author":[{"embeddable":true,"href":"https:\/\/yz-design.de\/en\/wp-json\/wp\/v2\/users\/1"}],"replies":[{"embeddable":true,"href":"https:\/\/yz-design.de\/en\/wp-json\/wp\/v2\/comments?post=1480"}],"version-history":[{"count":3,"href":"https:\/\/yz-design.de\/en\/wp-json\/wp\/v2\/pages\/1480\/revisions"}],"predecessor-version":[{"id":2862,"href":"https:\/\/yz-design.de\/en\/wp-json\/wp\/v2\/pages\/1480\/revisions\/2862"}],"wp:attachment":[{"href":"https:\/\/yz-design.de\/en\/wp-json\/wp\/v2\/media?parent=1480"}],"curies":[{"name":"wp","href":"https:\/\/api.w.org\/{rel}","templated":true}]}}